{"id":3807,"date":"2015-12-15T07:37:33","date_gmt":"2015-12-15T07:37:33","guid":{"rendered":"http:\/\/consulting.stylemixthemes.com\/?page_id=9"},"modified":"2020-01-14T15:36:56","modified_gmt":"2020-01-14T20:36:56","slug":"nosotros","status":"publish","type":"page","link":"https:\/\/www.zedmatarani.com\/?page_id=3807","title":{"rendered":"Nosotros"},"content":{"rendered":"<p>[vc_row][vc_column][stm_spacing lg_spacing=\u00bb30&#8243; xs_spacing=\u00bb30&#8243;][vc_column_text]<\/p>\n<p style=\"text-align: left;\"><span style=\"font-size: 24pt; font-family: Arial, Helvetica, sans-serif;\"><strong>Quienes Somos<\/strong><\/span><\/p>\n<p style=\"text-align: justify;\" align=\"\u201djustify\u201d\"><span style=\"font-size: 14pt; font-family: Arial, Helvetica, sans-serif;\">La Zona Especial de Desarrollo \u2013 ZED Matarani, es una entidad p\u00fablica, con autonom\u00eda administrativa, t\u00e9cnica, econ\u00f3mica, financiera y operativa que permite a exportadores, importadores, proveedores de servicios log\u00edsticos, empresas contratistas, peque\u00f1as y microempresas y otros actores del sector privado tener la oportunidad de invertir bajo ventajosas condiciones tributarias aduaneras y una ubicaci\u00f3n estrat\u00e9gica por la cercan\u00eda al puerto, l\u00ednea ferroviaria que cubre el sur del pa\u00eds, acceso al gaseoducto sur peruano y la presencia de la carretera.<\/span><\/p>\n<p>[\/vc_column_text][stm_spacing lg_spacing=\u00bb30&#8243; xs_spacing=\u00bb30&#8243;][\/vc_column][\/vc_row][vc_row][vc_column width=\u00bb1\/2&#8243;][vc_column_text]<span style=\"font-size: 24pt; font-family: Arial, Helvetica, sans-serif;\"><strong>Visi\u00f3n <\/strong><\/span><\/p>\n<p style=\"text-align: justify;\"><span style=\"font-size: 14pt; font-family: Arial, Helvetica, sans-serif;\">Constituirse en una plataforma de desarrollo industrial, log\u00edstica y tecnol\u00f3gica en la Macro Regi\u00f3n Sur del Per\u00fa y de la Zona Sur Central de Latinoam\u00e9rica.<\/span><\/p>\n<p>[\/vc_column_text][stm_spacing lg_spacing=\u00bb30&#8243; xs_spacing=\u00bb30&#8243;][vc_column_text]<span style=\"font-family: Arial, Helvetica, sans-serif;\"><strong><span style=\"font-size: 24pt;\">Misi\u00f3n<\/span><\/strong><\/span><\/p>\n<p style=\"text-align: justify;\"><span style=\"font-size: 14pt; font-family: Arial, Helvetica, sans-serif;\">ZED Matarani promueve las inversiones nacionales y extranjeras, consolidando un polo de desarrollo en el sur del pa\u00eds, otorgando servicios competitivos orientados al incremento del comercio internacional con valor agregado y fortaleciendo la vocaci\u00f3n productiva de la regi\u00f3n, con respeto por el medio ambiente y en un clima organizacional que motive a sus trabajadores.<\/span><\/p>\n<p>[\/vc_column_text][\/vc_column][vc_column width=\u00bb1\/2&#8243;][vc_video link=\u00bbhttps:\/\/www.youtube.com\/embed\/fZhQ8a2DVBU\u00bb][\/vc_column][\/vc_row]<\/p>\n","protected":false},"excerpt":{"rendered":"<p>[vc_row][vc_column][stm_spacing lg_spacing=\u00bb30&#8243; xs_spacing=\u00bb30&#8243;][vc_column_text] Quienes Somos La Zona Especial de Desarrollo \u2013 ZED Matarani, es una entidad p\u00fablica, con autonom\u00eda administrativa, t\u00e9cnica, econ\u00f3mica, financiera y operativa que permite a exportadores, importadores, proveedores de servicios log\u00edsticos, empresas contratistas, peque\u00f1as y microempresas y otros actores del sector privado tener la oportunidad de invertir bajo ventajosas condiciones tributarias aduaneras<\/p>\n","protected":false},"author":1,"featured_media":0,"parent":0,"menu_order":0,"comment_status":"closed","ping_status":"closed","template":"","meta":{"_coblocks_attr":"","_coblocks_dimensions":"","_coblocks_responsive_height":"","_coblocks_accordion_ie_support":"","footnotes":""},"_links":{"self":[{"href":"https:\/\/www.zedmatarani.com\/index.php?rest_route=\/wp\/v2\/pages\/3807"}],"collection":[{"href":"https:\/\/www.zedmatarani.com\/index.php?rest_route=\/wp\/v2\/pages"}],"about":[{"href":"https:\/\/www.zedmatarani.com\/index.php?rest_route=\/wp\/v2\/types\/page"}],"author":[{"embeddable":true,"href":"https:\/\/www.zedmatarani.com\/index.php?rest_route=\/wp\/v2\/users\/1"}],"replies":[{"embeddable":true,"href":"https:\/\/www.zedmatarani.com\/index.php?rest_route=%2Fwp%2Fv2%2Fcomments&post=3807"}],"version-history":[{"count":73,"href":"https:\/\/www.zedmatarani.com\/index.php?rest_route=\/wp\/v2\/pages\/3807\/revisions"}],"predecessor-version":[{"id":6818,"href":"https:\/\/www.zedmatarani.com\/index.php?rest_route=\/wp\/v2\/pages\/3807\/revisions\/6818"}],"wp:attachment":[{"href":"https:\/\/www.zedmatarani.com\/index.php?rest_route=%2Fwp%2Fv2%2Fmedia&parent=3807"}],"curies":[{"name":"wp","href":"https:\/\/api.w.org\/{rel}","templated":true}]}}